{"id":3066,"date":"2025-06-10T02:09:16","date_gmt":"2025-06-10T02:09:16","guid":{"rendered":"https:\/\/naikinta.lt\/eu-projects\/"},"modified":"2025-06-10T02:09:16","modified_gmt":"2025-06-10T02:09:16","slug":"eu-projects","status":"publish","type":"page","link":"https:\/\/naikinta.lt\/en\/eu-projects\/","title":{"rendered":"EU Projects"},"content":{"rendered":"<p dir=\"auto\"><img decoding=\"async\" class=\"alignnone size-medium wp-image-2057\" src=\"https:\/\/naikinta.lt\/wp-content\/uploads\/2025\/06\/nkl-logo_horizontal-rgb-YNqNDvo4VlUqqroQ-2-300x106.png\" alt=\"\" width=\"300\" height=\"106\" srcset=\"https:\/\/naikinta.lt\/wp-content\/uploads\/2025\/06\/nkl-logo_horizontal-rgb-YNqNDvo4VlUqqroQ-2-300x106.png 300w, https:\/\/naikinta.lt\/wp-content\/uploads\/2025\/06\/nkl-logo_horizontal-rgb-YNqNDvo4VlUqqroQ-2.png 328w\" sizes=\"(max-width: 300px) 100vw, 300px\" \/><img decoding=\"async\" class=\"alignnone size-full wp-image-2058\" src=\"https:\/\/naikinta.lt\/wp-content\/uploads\/2025\/06\/blob_https___docs.google.com_3062d1c1-793a-43b5-bc1f-0fb905162d61-300x83-A0xWRRzZpESWLNr5.jpg\" alt=\"\" width=\"300\" height=\"83\"><\/p>\n<p class=\"body\" dir=\"auto\">UAB &#8216;Naikinta&#8217; aims to develop innovative products that are functional and safe for employees, clients, and their environment. To address the growing problems caused by various insect species populations, the company has developed a prototype of a complex mixture that attracts fruit flies (<em>lat. Drosophilidae<\/em>). An effective solution for using the mixture is a multifunctional UV LED insect lamp with an integrated nozzle system that disperses the mixture over a certain perimeter. During the project implementation, the goal is to create a UV LED lamp with an integrated nozzle system to disperse the mentioned complex mixture.<\/p>\n<p class=\"body\" dir=\"auto\">Project value: 69,249.00 EUR, of which 48,474.00 EUR is EU funding. The project is funded by the Economic Recovery and Resilience Plan &#8216;Next Generation Lithuania&#8217;.<\/p>\n","protected":false},"excerpt":{"rendered":"<p>UAB &#8216;Naikinta&#8217; aims to develop innovative products that are functional and safe for employees, clients, and their environment. To address the growing problems caused by various insect species populations, the company has developed a prototype of a complex mixture that attracts fruit flies (lat. Drosophilidae). An effective solution for using the mixture is a multifunctional [&hellip;]<\/p>\n","protected":false},"author":1,"featured_media":0,"parent":0,"menu_order":0,"comment_status":"closed","ping_status":"closed","template":"","meta":{"site-sidebar-layout":"default","site-content-layout":"","ast-site-content-layout":"default","site-content-style":"default","site-sidebar-style":"default","ast-global-header-display":"","ast-banner-title-visibility":"","ast-main-header-display":"","ast-hfb-above-header-display":"","ast-hfb-below-header-display":"","ast-hfb-mobile-header-display":"","site-post-title":"","ast-breadcrumbs-content":"","ast-featured-img":"","footer-sml-layout":"","theme-transparent-header-meta":"default","adv-header-id-meta":"","stick-header-meta":"","header-above-stick-meta":"","header-main-stick-meta":"","header-below-stick-meta":"","astra-migrate-meta-layouts":"default","ast-page-background-enabled":"default","ast-page-background-meta":{"desktop":{"background-color":"var(--ast-global-color-4)","background-image":"","background-repeat":"repeat","background-position":"center center","background-size":"auto","background-attachment":"scroll","background-type":"","background-media":"","overlay-type":"","overlay-color":"","overlay-opacity":"","overlay-gradient":""},"tablet":{"background-color":"","background-image":"","background-repeat":"repeat","background-position":"center center","background-size":"auto","background-attachment":"scroll","background-type":"","background-media":"","overlay-type":"","overlay-color":"","overlay-opacity":"","overlay-gradient":""},"mobile":{"background-color":"","background-image":"","background-repeat":"repeat","background-position":"center center","background-size":"auto","background-attachment":"scroll","background-type":"","background-media":"","overlay-type":"","overlay-color":"","overlay-opacity":"","overlay-gradient":""}},"ast-content-background-meta":{"desktop":{"background-color":"var(--ast-global-color-5)","background-image":"","background-repeat":"repeat","background-position":"center center","background-size":"auto","background-attachment":"scroll","background-type":"","background-media":"","overlay-type":"","overlay-color":"","overlay-opacity":"","overlay-gradient":""},"tablet":{"background-color":"var(--ast-global-color-5)","background-image":"","background-repeat":"repeat","background-position":"center center","background-size":"auto","background-attachment":"scroll","background-type":"","background-media":"","overlay-type":"","overlay-color":"","overlay-opacity":"","overlay-gradient":""},"mobile":{"background-color":"var(--ast-global-color-5)","background-image":"","background-repeat":"repeat","background-position":"center center","background-size":"auto","background-attachment":"scroll","background-type":"","background-media":"","overlay-type":"","overlay-color":"","overlay-opacity":"","overlay-gradient":""}},"footnotes":""},"class_list":["post-3066","page","type-page","status-publish","hentry"],"yoast_head":"<!-- This site is optimized with the Yoast SEO plugin v25.3 - https:\/\/yoast.com\/wordpress\/plugins\/seo\/ -->\n<title>EU Projects | Naikinta - Kenk\u0117j\u0173 kontrol\u0117 ir naikinimas<\/title>\n<meta name=\"description\" content=\"We are a licensed pest control team. We specialize in the extermination and control of various pests: insects, rodents, and other parasites.\" \/>\n<meta name=\"robots\" content=\"index, follow, max-snippet:-1, max-image-preview:large, max-video-preview:-1\" \/>\n<link rel=\"canonical\" href=\"https:\/\/naikinta.lt\/en\/eu-projects\/\" \/>\n<meta property=\"og:locale\" content=\"en_US\" \/>\n<meta property=\"og:type\" content=\"article\" \/>\n<meta property=\"og:title\" content=\"EU Projects | Naikinta - Kenk\u0117j\u0173 kontrol\u0117 ir naikinimas\" \/>\n<meta property=\"og:description\" content=\"We are a licensed pest control team. We specialize in the extermination and control of various pests: insects, rodents, and other parasites.\" \/>\n<meta property=\"og:url\" content=\"https:\/\/naikinta.lt\/en\/eu-projects\/\" \/>\n<meta property=\"og:site_name\" content=\"Naikinta - Kenk\u0117j\u0173 kontrol\u0117 ir naikinimas\" \/>\n<meta property=\"article:publisher\" content=\"https:\/\/www.facebook.com\/naikinta\/\" \/>\n<meta property=\"og:image\" content=\"https:\/\/naikinta.lt\/wp-content\/uploads\/2025\/06\/nkl-logo_horizontal-rgb-YNqNDvo4VlUqqroQ-2.png?wsr\" \/>\n\t<meta property=\"og:image:width\" content=\"328\" \/>\n\t<meta property=\"og:image:height\" content=\"116\" \/>\n\t<meta property=\"og:image:type\" content=\"image\/png\" \/>\n<meta name=\"twitter:card\" content=\"summary_large_image\" \/>\n<meta name=\"twitter:label1\" content=\"Est. reading time\" \/>\n\t<meta name=\"twitter:data1\" content=\"1 minute\" \/>\n<script type=\"application\/ld+json\" class=\"yoast-schema-graph\">{\"@context\":\"https:\/\/schema.org\",\"@graph\":[{\"@type\":\"WebPage\",\"@id\":\"https:\/\/naikinta.lt\/en\/eu-projects\/\",\"url\":\"https:\/\/naikinta.lt\/en\/eu-projects\/\",\"name\":\"EU Projects | Naikinta - Kenk\u0117j\u0173 kontrol\u0117 ir naikinimas\",\"isPartOf\":{\"@id\":\"https:\/\/naikinta.lt\/en\/#website\"},\"primaryImageOfPage\":{\"@id\":\"https:\/\/naikinta.lt\/en\/eu-projects\/#primaryimage\"},\"image\":{\"@id\":\"https:\/\/naikinta.lt\/en\/eu-projects\/#primaryimage\"},\"thumbnailUrl\":\"https:\/\/naikinta.lt\/wp-content\/uploads\/2025\/06\/nkl-logo_horizontal-rgb-YNqNDvo4VlUqqroQ-2-300x106.png\",\"datePublished\":\"2025-06-10T02:09:16+00:00\",\"description\":\"We are a licensed pest control team. We specialize in the extermination and control of various pests: insects, rodents, and other parasites.\",\"breadcrumb\":{\"@id\":\"https:\/\/naikinta.lt\/en\/eu-projects\/#breadcrumb\"},\"inLanguage\":\"en-US\",\"potentialAction\":[{\"@type\":\"ReadAction\",\"target\":[\"https:\/\/naikinta.lt\/en\/eu-projects\/\"]}]},{\"@type\":\"ImageObject\",\"inLanguage\":\"en-US\",\"@id\":\"https:\/\/naikinta.lt\/en\/eu-projects\/#primaryimage\",\"url\":\"https:\/\/naikinta.lt\/wp-content\/uploads\/2025\/06\/nkl-logo_horizontal-rgb-YNqNDvo4VlUqqroQ-2-300x106.png\",\"contentUrl\":\"https:\/\/naikinta.lt\/wp-content\/uploads\/2025\/06\/nkl-logo_horizontal-rgb-YNqNDvo4VlUqqroQ-2-300x106.png\"},{\"@type\":\"BreadcrumbList\",\"@id\":\"https:\/\/naikinta.lt\/en\/eu-projects\/#breadcrumb\",\"itemListElement\":[{\"@type\":\"ListItem\",\"position\":1,\"name\":\"Home\",\"item\":\"https:\/\/naikinta.lt\/en\/\"},{\"@type\":\"ListItem\",\"position\":2,\"name\":\"EU Projects\"}]},{\"@type\":\"WebSite\",\"@id\":\"https:\/\/naikinta.lt\/en\/#website\",\"url\":\"https:\/\/naikinta.lt\/en\/\",\"name\":\"Naikinta - Profesionali kenk\u0117j\u0173 kontrol\u0117 ir naikinimas\",\"description\":\"Kenk\u0117j\u0173 naikinimas: vabzd\u017ei\u0173, grau\u017eik\u0173 ir kit\u0173 parazit\u0173, efektyvus naikinimas ir prevencijoja. Esame licenzijuota kenk\u0117j\u0173 naikinimo komanda su ilgalaike patirtimi.\",\"publisher\":{\"@id\":\"https:\/\/naikinta.lt\/en\/#organization\"},\"potentialAction\":[{\"@type\":\"SearchAction\",\"target\":{\"@type\":\"EntryPoint\",\"urlTemplate\":\"https:\/\/naikinta.lt\/en\/?s={search_term_string}\"},\"query-input\":{\"@type\":\"PropertyValueSpecification\",\"valueRequired\":true,\"valueName\":\"search_term_string\"}}],\"inLanguage\":\"en-US\"},{\"@type\":\"Organization\",\"@id\":\"https:\/\/naikinta.lt\/en\/#organization\",\"name\":\"Naikinta\",\"url\":\"https:\/\/naikinta.lt\/en\/\",\"logo\":{\"@type\":\"ImageObject\",\"inLanguage\":\"en-US\",\"@id\":\"https:\/\/naikinta.lt\/en\/#\/schema\/logo\/image\/\",\"url\":\"\",\"contentUrl\":\"\",\"caption\":\"Naikinta\"},\"image\":{\"@id\":\"https:\/\/naikinta.lt\/en\/#\/schema\/logo\/image\/\"},\"sameAs\":[\"https:\/\/www.facebook.com\/naikinta\/\",\"https:\/\/www.tiktok.com\/tag\/naikinta\",\"https:\/\/www.youtube.com\/@Naikinta.Kenkeju.Kontrole\",\"https:\/\/www.instagram.com\/naikinta.lt\/\"]}]}<\/script>\n<!-- \/ Yoast SEO plugin. -->","yoast_head_json":{"title":"EU Projects | Naikinta - Kenk\u0117j\u0173 kontrol\u0117 ir naikinimas","description":"We are a licensed pest control team. We specialize in the extermination and control of various pests: insects, rodents, and other parasites.","robots":{"index":"index","follow":"follow","max-snippet":"max-snippet:-1","max-image-preview":"max-image-preview:large","max-video-preview":"max-video-preview:-1"},"canonical":"https:\/\/naikinta.lt\/en\/eu-projects\/","og_locale":"en_US","og_type":"article","og_title":"EU Projects | Naikinta - Kenk\u0117j\u0173 kontrol\u0117 ir naikinimas","og_description":"We are a licensed pest control team. We specialize in the extermination and control of various pests: insects, rodents, and other parasites.","og_url":"https:\/\/naikinta.lt\/en\/eu-projects\/","og_site_name":"Naikinta - Kenk\u0117j\u0173 kontrol\u0117 ir naikinimas","article_publisher":"https:\/\/www.facebook.com\/naikinta\/","og_image":[{"width":328,"height":116,"url":"https:\/\/naikinta.lt\/wp-content\/uploads\/2025\/06\/nkl-logo_horizontal-rgb-YNqNDvo4VlUqqroQ-2.png?wsr","type":"image\/png"}],"twitter_card":"summary_large_image","twitter_misc":{"Est. reading time":"1 minute"},"schema":{"@context":"https:\/\/schema.org","@graph":[{"@type":"WebPage","@id":"https:\/\/naikinta.lt\/en\/eu-projects\/","url":"https:\/\/naikinta.lt\/en\/eu-projects\/","name":"EU Projects | Naikinta - Kenk\u0117j\u0173 kontrol\u0117 ir naikinimas","isPartOf":{"@id":"https:\/\/naikinta.lt\/en\/#website"},"primaryImageOfPage":{"@id":"https:\/\/naikinta.lt\/en\/eu-projects\/#primaryimage"},"image":{"@id":"https:\/\/naikinta.lt\/en\/eu-projects\/#primaryimage"},"thumbnailUrl":"https:\/\/naikinta.lt\/wp-content\/uploads\/2025\/06\/nkl-logo_horizontal-rgb-YNqNDvo4VlUqqroQ-2-300x106.png","datePublished":"2025-06-10T02:09:16+00:00","description":"We are a licensed pest control team. We specialize in the extermination and control of various pests: insects, rodents, and other parasites.","breadcrumb":{"@id":"https:\/\/naikinta.lt\/en\/eu-projects\/#breadcrumb"},"inLanguage":"en-US","potentialAction":[{"@type":"ReadAction","target":["https:\/\/naikinta.lt\/en\/eu-projects\/"]}]},{"@type":"ImageObject","inLanguage":"en-US","@id":"https:\/\/naikinta.lt\/en\/eu-projects\/#primaryimage","url":"https:\/\/naikinta.lt\/wp-content\/uploads\/2025\/06\/nkl-logo_horizontal-rgb-YNqNDvo4VlUqqroQ-2-300x106.png","contentUrl":"https:\/\/naikinta.lt\/wp-content\/uploads\/2025\/06\/nkl-logo_horizontal-rgb-YNqNDvo4VlUqqroQ-2-300x106.png"},{"@type":"BreadcrumbList","@id":"https:\/\/naikinta.lt\/en\/eu-projects\/#breadcrumb","itemListElement":[{"@type":"ListItem","position":1,"name":"Home","item":"https:\/\/naikinta.lt\/en\/"},{"@type":"ListItem","position":2,"name":"EU Projects"}]},{"@type":"WebSite","@id":"https:\/\/naikinta.lt\/en\/#website","url":"https:\/\/naikinta.lt\/en\/","name":"Naikinta - Profesionali kenk\u0117j\u0173 kontrol\u0117 ir naikinimas","description":"Kenk\u0117j\u0173 naikinimas: vabzd\u017ei\u0173, grau\u017eik\u0173 ir kit\u0173 parazit\u0173, efektyvus naikinimas ir prevencijoja. Esame licenzijuota kenk\u0117j\u0173 naikinimo komanda su ilgalaike patirtimi.","publisher":{"@id":"https:\/\/naikinta.lt\/en\/#organization"},"potentialAction":[{"@type":"SearchAction","target":{"@type":"EntryPoint","urlTemplate":"https:\/\/naikinta.lt\/en\/?s={search_term_string}"},"query-input":{"@type":"PropertyValueSpecification","valueRequired":true,"valueName":"search_term_string"}}],"inLanguage":"en-US"},{"@type":"Organization","@id":"https:\/\/naikinta.lt\/en\/#organization","name":"Naikinta","url":"https:\/\/naikinta.lt\/en\/","logo":{"@type":"ImageObject","inLanguage":"en-US","@id":"https:\/\/naikinta.lt\/en\/#\/schema\/logo\/image\/","url":"","contentUrl":"","caption":"Naikinta"},"image":{"@id":"https:\/\/naikinta.lt\/en\/#\/schema\/logo\/image\/"},"sameAs":["https:\/\/www.facebook.com\/naikinta\/","https:\/\/www.tiktok.com\/tag\/naikinta","https:\/\/www.youtube.com\/@Naikinta.Kenkeju.Kontrole","https:\/\/www.instagram.com\/naikinta.lt\/"]}]}},"_links":{"self":[{"href":"https:\/\/naikinta.lt\/en\/wp-json\/wp\/v2\/pages\/3066","targetHints":{"allow":["GET"]}}],"collection":[{"href":"https:\/\/naikinta.lt\/en\/wp-json\/wp\/v2\/pages"}],"about":[{"href":"https:\/\/naikinta.lt\/en\/wp-json\/wp\/v2\/types\/page"}],"author":[{"embeddable":true,"href":"https:\/\/naikinta.lt\/en\/wp-json\/wp\/v2\/users\/1"}],"replies":[{"embeddable":true,"href":"https:\/\/naikinta.lt\/en\/wp-json\/wp\/v2\/comments?post=3066"}],"version-history":[{"count":0,"href":"https:\/\/naikinta.lt\/en\/wp-json\/wp\/v2\/pages\/3066\/revisions"}],"wp:attachment":[{"href":"https:\/\/naikinta.lt\/en\/wp-json\/wp\/v2\/media?parent=3066"}],"curies":[{"name":"wp","href":"https:\/\/api.w.org\/{rel}","templated":true}]}}