{"id":3067,"date":"2025-06-08T01:01:41","date_gmt":"2025-06-08T01:01:41","guid":{"rendered":"https:\/\/naikinta.lt\/privacy-policy\/"},"modified":"2025-08-26T14:17:50","modified_gmt":"2025-08-26T14:17:50","slug":"privacy-policy","status":"publish","type":"page","link":"https:\/\/naikinta.lt\/en\/privacy-policy\/","title":{"rendered":"Privacy Policy"},"content":{"rendered":"&#13;\n<h3 class=\"wp-block-heading\" dir=\"auto\">Privacy Policy<\/h3>&#13;\n<p class=\"body\" dir=\"auto\"><a href=\"http:\/\/www.naikinta.lt\/\">www.naikinta.lt<\/a> svetain\u0117 priklauso UAB NAIKINTA, kuri yra J\u016bs\u0173 asmens duomen\u0173 duomen\u0173 valdytojas.<\/p>&#13;\n<p class=\"body\" dir=\"auto\">Pri\u0117m\u0117me \u0161i\u0105 Privatumo politik\u0105, kuri nustato, kaip tvarkome <a href=\"http:\/\/www.naikinta.lt\/\">www.naikinta.lt<\/a> surinkt\u0105 informacij\u0105, kurioje taip pat pateikiamos prie\u017eastys, kod\u0117l privalome rinkti tam tikrus J\u016bs\u0173 asmens duomenis. Tod\u0117l prie\u0161 naudodamiesi <a href=\"http:\/\/www.naikinta.lt\/\">www.naikinta.lt<\/a> svetaine privalote perskaityti \u0161i\u0105 Privatumo politik\u0105.<\/p>&#13;\n<p class=\"body\" dir=\"auto\">R\u016bpinam\u0117s J\u016bs\u0173 asmens duomenimis ir \u012fsipareigojame garantuoti j\u0173 konfidencialum\u0105 ir saugum\u0105.<\/p>&#13;\n<h4 dir=\"auto\">Personal Information We Collect:<\/h4>&#13;\n<p class=\"body\" dir=\"auto\">Jums lankantis <a href=\"http:\/\/www.naikinta.lt\/\">www.naikinta.lt<\/a>, automati\u0161kai renkame tam tikr\u0105 informacij\u0105 apie J\u016bs\u0173 \u012frengin\u012f, \u012fskaitant informacij\u0105 apie J\u016bs\u0173 interneto nar\u0161ykl\u0119, IP adres\u0105, laiko juost\u0105 ir kai kuriuos J\u016bs\u0173 \u012frenginyje \u012fdiegtus slapukus. Be to, jums nar\u0161ant svetain\u0117je renkame informacij\u0105 apie atskirus tinklalapius ar produktus, kuriuos per\u017ei\u016brite, kokios svetain\u0117s ar paie\u0161kos terminai nukreip\u0117 jus \u012f svetain\u0119 ir kaip s\u0105veikaujate su svetaine. \u0160i\u0105 automati\u0161kai surinkt\u0105 informacij\u0105 vadiname \u201e\u012erenginio informacija\u201c. Be to, registruodamiesi galime rinkti asmens duomenis, kuriuos mums pateikiate (\u012fskaitant vard\u0105, pavard\u0119, adres\u0105, mok\u0117jimo informacij\u0105 ir kt.), kad gal\u0117tume \u012fvykdyti sutart\u012f.<\/p>&#13;\n<h4 dir=\"auto\">Why Do We Process your Data?<\/h4>&#13;\n<p class=\"body\" dir=\"auto\">M\u016bs\u0173 prioritetas yra klient\u0173 duomen\u0173 saugumas, tod\u0117l galime apdoroti tik minimalius naudotojo duomenis, tik tiek, kiek tai yra b\u016btina svetainei pri\u017ei\u016br\u0117ti. Automati\u0161kai renkama informacija naudojama tik galimiems piktnaud\u017eiavimo atvejams nustatyti ir statistinei informacijai apie naudojim\u0105si svetaine gauti. \u0160i statistin\u0117 informacija n\u0117ra apibendrinta taip, kad pagal j\u0105 b\u016bt\u0173 galima identifikuoti bet kur\u012f konkret\u0173 sistemos vartotoj\u0105.<\/p>&#13;\n<p class=\"body\" dir=\"auto\">J\u016bs galite apsilankyti svetain\u0117je nenurodydami mums, kas esate, ir neatskleisdami jokios informacijos, pagal kuri\u0105 kas nors gal\u0117t\u0173 jus atpa\u017einti kaip konkret\u0173, identifikuojam\u0105 asmen\u012f. Jei vis d\u0117lto norite naudotis kai kuriomis svetain\u0117s funkcijomis arba norite gauti m\u016bs\u0173 naujienlai\u0161k\u012f ar pateikti kit\u0105 informacij\u0105 u\u017epildydami form\u0105, galite pateikti mums asmens duomenis, tokius kaip el. pa\u0161to adresas, vardas, pavard\u0117, miestas. gyvenamoji vieta, organizacija, telefono numeris. Galite pasirinkti nepateikti mums savo asmenini\u0173 duomen\u0173, ta\u010diau tuomet gali nepavykti pasinaudoti kai kuriomis svetain\u0117s funkcijomis. Pavyzd\u017eiui, j\u016bs negal\u0117site gauti m\u016bs\u0173 naujienlai\u0161kio arba susisiekti su mumis tiesiogiai i\u0161 svetain\u0117s. Vartotojai, kurie ne\u017eino, kokia informacija yra privaloma, kvie\u010diami susisiekti su mumis <a href=\"mailto:info@naikinta.lt\">info@naikinta.lt<\/a>.<\/p>&#13;\n<h4 dir=\"auto\">Your Rights:<\/h4>&#13;\n<p class=\"body\" dir=\"auto\">Jei esate Europos gyventojas, turite \u0161ias teises, susijusias su j\u016bs\u0173 asmens duomenimis:<\/p>&#13;\n<p class=\"body\" dir=\"auto\">Teis\u0117 b\u016bti informuotam.<br\/>Teis\u0117 susipa\u017einti.<br\/>Teis\u0117 \u012f i\u0161taisym\u0105.<br\/>Teis\u0117 i\u0161trinti.<br\/>Teis\u0117 apriboti tvarkym\u0105.<br\/>Teis\u0117 \u012f duomen\u0173 perkeliamum\u0105.<br\/>Teis\u0117 prie\u0161tarauti.<\/p>&#13;\n<p class=\"body\" dir=\"auto\">Teis\u0117s, susijusios su automatizuotu sprendim\u0173 pri\u0117mimu ir profiliavimu.<\/p>&#13;\n<p class=\"body\" dir=\"auto\">Jei norite pasinaudoti \u0161ia teise, susisiekite su mumis \u017eemiau nurodyta kontaktine informacija.<\/p>&#13;\n<p class=\"body\" dir=\"auto\">Be to, jei esate Europos gyventojas, atkreipiame d\u0117mes\u012f, kad j\u016bs\u0173 informacij\u0105 tvarkome siekdami \u012fvykdyti sutartis, kurias galime sudaryti su jumis (pavyzd\u017eiui, jei pateikiate u\u017esakym\u0105 per Svetain\u0119) arba kitaip siekdami m\u016bs\u0173 teis\u0117t\u0173 verslo interes\u0173, i\u0161vardyt\u0173. auk\u0161\u010diau. Be to, atminkite, kad j\u016bs\u0173 informacija gali b\u016bti perduota u\u017e Europos rib\u0173, \u012fskaitant Kanad\u0105 ir JAV.<\/p>&#13;\n<h4 dir=\"auto\">Links to other Websites:<\/h4>&#13;\n<p class=\"body\" dir=\"auto\">M\u016bs\u0173 svetain\u0117je gali b\u016bti nuorod\u0173 \u012f kitas svetaines, kurios mums nepriklauso ir kuri\u0173 nekontroliuojame. Atminkite, kad nesame atsakingi u\u017e tokias kitas svetaines ar tre\u010di\u0173j\u0173 \u0161ali\u0173 privatumo praktik\u0105. Rekomenduojame atkreipti d\u0117mes\u012f, kai i\u0161einate i\u0161 m\u016bs\u0173 svetain\u0117s ir perskaityti kiekvienos svetain\u0117s, kuri gali rinkti asmenin\u0119 informacij\u0105, privatumo parei\u0161kimus.<\/p>&#13;\n<h4 dir=\"auto\">Information Security:<\/h4>&#13;\n<p class=\"body\" dir=\"auto\">Saugome informacij\u0105, kuri\u0105 pateikiate kompiuteri\u0173 serveriuose kontroliuojamoje, saugioje aplinkoje, apsaugotoje nuo neteis\u0117tos prieigos, naudojimo ar atskleidimo. Mes laikom\u0117s pagr\u012fst\u0173 administracini\u0173, technini\u0173 ir fizini\u0173 apsaugos priemoni\u0173, kad apsaugotume nuo neteis\u0117tos prieigos, naudojimo, keitimo ir asmens duomen\u0173 atskleidimo, j\u012f valdydami ir saugodami. Ta\u010diau negalima garantuoti duomen\u0173 perdavimo internetu ar belaid\u017eiu tinklu.<\/p>&#13;\n<h4 dir=\"auto\">Legal Disclosure:<\/h4>&#13;\n<p class=\"body\" dir=\"auto\">Atskleisime bet koki\u0105 informacij\u0105, kuri\u0105 renkame, naudojame ar gauname, jei to reikalauja ar leid\u017eia \u012fstatymai, pavyzd\u017eiui, siekdami \u012fvykdyti teismo \u0161aukim\u0105 ar pana\u0161\u0173 teisin\u012f proces\u0105, ir kai s\u0105\u017einingai manysime, kad atskleidimas yra b\u016btinas siekiant apsaugoti m\u016bs\u0173 teises, apsaugoti j\u016bs\u0173 saugum\u0105 arba kit\u0173 asmen\u0173 saugumui, tirti suk\u010diavim\u0105 arba atsakyti \u012f vyriausyb\u0117s pra\u0161ym\u0105.<\/p>&#13;\n<h4 dir=\"auto\">Contact Information:<\/h4>&#13;\n<p class=\"body\" dir=\"auto\">Jei norite susisiekti su mumis nor\u0117dami su\u017einoti daugiau apie \u0161i\u0105 Politik\u0105 arba norite susisiekti su mumis bet kokiu klausimu, susijusiu su asmens teis\u0117mis ir j\u016bs\u0173 asmenine informacija, galite atsi\u0173sti el. lai\u0161k\u0105 adresu <a href=\"mailto:info@naikinta.lt\">info@naikinta.lt<\/a>.<\/p>","protected":false},"excerpt":{"rendered":"<p>&#13; Privacy Policy &#13; www.naikinta.lt svetain\u0117 priklauso UAB NAIKINTA, kuri yra J\u016bs\u0173 asmens duomen\u0173 duomen\u0173 valdytojas. &#13; Pri\u0117m\u0117me \u0161i\u0105 Privatumo politik\u0105, kuri nustato, kaip tvarkome www.naikinta.lt surinkt\u0105 informacij\u0105, kurioje taip pat pateikiamos prie\u017eastys, kod\u0117l privalome rinkti tam tikrus J\u016bs\u0173 asmens duomenis. Tod\u0117l prie\u0161 naudodamiesi www.naikinta.lt svetaine privalote perskaityti \u0161i\u0105 Privatumo politik\u0105. &#13; R\u016bpinam\u0117s J\u016bs\u0173 asmens [&hellip;]<\/p>\n","protected":false},"author":1,"featured_media":0,"parent":0,"menu_order":0,"comment_status":"closed","ping_status":"open","template":"","meta":{"site-sidebar-layout":"default","site-content-layout":"","ast-site-content-layout":"default","site-content-style":"default","site-sidebar-style":"default","ast-global-header-display":"","ast-banner-title-visibility":"","ast-main-header-display":"","ast-hfb-above-header-display":"","ast-hfb-below-header-display":"","ast-hfb-mobile-header-display":"","site-post-title":"","ast-breadcrumbs-content":"","ast-featured-img":"","footer-sml-layout":"","theme-transparent-header-meta":"default","adv-header-id-meta":"","stick-header-meta":"","header-above-stick-meta":"","header-main-stick-meta":"","header-below-stick-meta":"","astra-migrate-meta-layouts":"default","ast-page-background-enabled":"default","ast-page-background-meta":{"desktop":{"background-color":"var(--ast-global-color-4)","background-image":"","background-repeat":"repeat","background-position":"center center","background-size":"auto","background-attachment":"scroll","background-type":"","background-media":"","overlay-type":"","overlay-color":"","overlay-opacity":"","overlay-gradient":""},"tablet":{"background-color":"","background-image":"","background-repeat":"repeat","background-position":"center center","background-size":"auto","background-attachment":"scroll","background-type":"","background-media":"","overlay-type":"","overlay-color":"","overlay-opacity":"","overlay-gradient":""},"mobile":{"background-color":"","background-image":"","background-repeat":"repeat","background-position":"center center","background-size":"auto","background-attachment":"scroll","background-type":"","background-media":"","overlay-type":"","overlay-color":"","overlay-opacity":"","overlay-gradient":""}},"ast-content-background-meta":{"desktop":{"background-color":"var(--ast-global-color-5)","background-image":"","background-repeat":"repeat","background-position":"center center","background-size":"auto","background-attachment":"scroll","background-type":"","background-media":"","overlay-type":"","overlay-color":"","overlay-opacity":"","overlay-gradient":""},"tablet":{"background-color":"var(--ast-global-color-5)","background-image":"","background-repeat":"repeat","background-position":"center center","background-size":"auto","background-attachment":"scroll","background-type":"","background-media":"","overlay-type":"","overlay-color":"","overlay-opacity":"","overlay-gradient":""},"mobile":{"background-color":"var(--ast-global-color-5)","background-image":"","background-repeat":"repeat","background-position":"center center","background-size":"auto","background-attachment":"scroll","background-type":"","background-media":"","overlay-type":"","overlay-color":"","overlay-opacity":"","overlay-gradient":""}},"footnotes":""},"class_list":["post-3067","page","type-page","status-publish","hentry"],"yoast_head":"<!-- This site is optimized with the Yoast SEO plugin v25.3 - https:\/\/yoast.com\/wordpress\/plugins\/seo\/ -->\n<title>Privacy Policy | Naikinta - Kenk\u0117j\u0173 kontrol\u0117 ir naikinimas<\/title>\n<meta name=\"robots\" content=\"index, follow, max-snippet:-1, max-image-preview:large, max-video-preview:-1\" \/>\n<link rel=\"canonical\" href=\"https:\/\/naikinta.lt\/en\/privacy-policy\/\" \/>\n<meta property=\"og:locale\" content=\"en_US\" \/>\n<meta property=\"og:type\" content=\"article\" \/>\n<meta property=\"og:title\" content=\"Privacy Policy | Naikinta - Kenk\u0117j\u0173 kontrol\u0117 ir naikinimas\" \/>\n<meta property=\"og:description\" content=\"&#013; Privacy Policy &#013; www.naikinta.lt svetain\u0117 priklauso UAB NAIKINTA, kuri yra J\u016bs\u0173 asmens duomen\u0173 duomen\u0173 valdytojas. &#013; Pri\u0117m\u0117me \u0161i\u0105 Privatumo politik\u0105, kuri nustato, kaip tvarkome www.naikinta.lt surinkt\u0105 informacij\u0105, kurioje taip pat pateikiamos prie\u017eastys, kod\u0117l privalome rinkti tam tikrus J\u016bs\u0173 asmens duomenis. Tod\u0117l prie\u0161 naudodamiesi www.naikinta.lt svetaine privalote perskaityti \u0161i\u0105 Privatumo politik\u0105. &#013; R\u016bpinam\u0117s J\u016bs\u0173 asmens [&hellip;]\" \/>\n<meta property=\"og:url\" content=\"https:\/\/naikinta.lt\/en\/privacy-policy\/\" \/>\n<meta property=\"og:site_name\" content=\"Naikinta - Kenk\u0117j\u0173 kontrol\u0117 ir naikinimas\" \/>\n<meta property=\"article:publisher\" content=\"https:\/\/www.facebook.com\/naikinta\/\" \/>\n<meta property=\"article:modified_time\" content=\"2025-08-26T14:17:50+00:00\" \/>\n<meta property=\"og:image\" content=\"https:\/\/naikinta.lt\/wp-content\/uploads\/2025\/06\/DSC0386-1.jpg?wsr\" \/>\n\t<meta property=\"og:image:width\" content=\"1200\" \/>\n\t<meta property=\"og:image:height\" content=\"795\" \/>\n\t<meta property=\"og:image:type\" content=\"image\/jpeg\" \/>\n<meta name=\"twitter:card\" content=\"summary_large_image\" \/>\n<meta name=\"twitter:label1\" content=\"Est. reading time\" \/>\n\t<meta name=\"twitter:data1\" content=\"4 minutes\" \/>\n<script type=\"application\/ld+json\" class=\"yoast-schema-graph\">{\"@context\":\"https:\/\/schema.org\",\"@graph\":[{\"@type\":\"WebPage\",\"@id\":\"https:\/\/naikinta.lt\/en\/privacy-policy\/\",\"url\":\"https:\/\/naikinta.lt\/en\/privacy-policy\/\",\"name\":\"Privacy Policy | Naikinta - Kenk\u0117j\u0173 kontrol\u0117 ir naikinimas\",\"isPartOf\":{\"@id\":\"https:\/\/naikinta.lt\/en\/#website\"},\"datePublished\":\"2025-06-08T01:01:41+00:00\",\"dateModified\":\"2025-08-26T14:17:50+00:00\",\"breadcrumb\":{\"@id\":\"https:\/\/naikinta.lt\/en\/privacy-policy\/#breadcrumb\"},\"inLanguage\":\"en-US\",\"potentialAction\":[{\"@type\":\"ReadAction\",\"target\":[\"https:\/\/naikinta.lt\/en\/privacy-policy\/\"]}]},{\"@type\":\"BreadcrumbList\",\"@id\":\"https:\/\/naikinta.lt\/en\/privacy-policy\/#breadcrumb\",\"itemListElement\":[{\"@type\":\"ListItem\",\"position\":1,\"name\":\"Home\",\"item\":\"https:\/\/naikinta.lt\/en\/\"},{\"@type\":\"ListItem\",\"position\":2,\"name\":\"Privacy Policy\"}]},{\"@type\":\"WebSite\",\"@id\":\"https:\/\/naikinta.lt\/en\/#website\",\"url\":\"https:\/\/naikinta.lt\/en\/\",\"name\":\"Naikinta - Profesionali kenk\u0117j\u0173 kontrol\u0117 ir naikinimas\",\"description\":\"Kenk\u0117j\u0173 naikinimas: vabzd\u017ei\u0173, grau\u017eik\u0173 ir kit\u0173 parazit\u0173, efektyvus naikinimas ir prevencijoja. Esame licenzijuota kenk\u0117j\u0173 naikinimo komanda su ilgalaike patirtimi.\",\"publisher\":{\"@id\":\"https:\/\/naikinta.lt\/en\/#organization\"},\"potentialAction\":[{\"@type\":\"SearchAction\",\"target\":{\"@type\":\"EntryPoint\",\"urlTemplate\":\"https:\/\/naikinta.lt\/en\/?s={search_term_string}\"},\"query-input\":{\"@type\":\"PropertyValueSpecification\",\"valueRequired\":true,\"valueName\":\"search_term_string\"}}],\"inLanguage\":\"en-US\"},{\"@type\":\"Organization\",\"@id\":\"https:\/\/naikinta.lt\/en\/#organization\",\"name\":\"Naikinta\",\"url\":\"https:\/\/naikinta.lt\/en\/\",\"logo\":{\"@type\":\"ImageObject\",\"inLanguage\":\"en-US\",\"@id\":\"https:\/\/naikinta.lt\/en\/#\/schema\/logo\/image\/\",\"url\":\"\",\"contentUrl\":\"\",\"caption\":\"Naikinta\"},\"image\":{\"@id\":\"https:\/\/naikinta.lt\/en\/#\/schema\/logo\/image\/\"},\"sameAs\":[\"https:\/\/www.facebook.com\/naikinta\/\",\"https:\/\/www.tiktok.com\/tag\/naikinta\",\"https:\/\/www.youtube.com\/@Naikinta.Kenkeju.Kontrole\",\"https:\/\/www.instagram.com\/naikinta.lt\/\"]}]}<\/script>\n<!-- \/ Yoast SEO plugin. -->","yoast_head_json":{"title":"Privacy Policy | Naikinta - Kenk\u0117j\u0173 kontrol\u0117 ir naikinimas","robots":{"index":"index","follow":"follow","max-snippet":"max-snippet:-1","max-image-preview":"max-image-preview:large","max-video-preview":"max-video-preview:-1"},"canonical":"https:\/\/naikinta.lt\/en\/privacy-policy\/","og_locale":"en_US","og_type":"article","og_title":"Privacy Policy | Naikinta - Kenk\u0117j\u0173 kontrol\u0117 ir naikinimas","og_description":"&#13; Privacy Policy &#13; www.naikinta.lt svetain\u0117 priklauso UAB NAIKINTA, kuri yra J\u016bs\u0173 asmens duomen\u0173 duomen\u0173 valdytojas. &#13; Pri\u0117m\u0117me \u0161i\u0105 Privatumo politik\u0105, kuri nustato, kaip tvarkome www.naikinta.lt surinkt\u0105 informacij\u0105, kurioje taip pat pateikiamos prie\u017eastys, kod\u0117l privalome rinkti tam tikrus J\u016bs\u0173 asmens duomenis. Tod\u0117l prie\u0161 naudodamiesi www.naikinta.lt svetaine privalote perskaityti \u0161i\u0105 Privatumo politik\u0105. &#13; R\u016bpinam\u0117s J\u016bs\u0173 asmens [&hellip;]","og_url":"https:\/\/naikinta.lt\/en\/privacy-policy\/","og_site_name":"Naikinta - Kenk\u0117j\u0173 kontrol\u0117 ir naikinimas","article_publisher":"https:\/\/www.facebook.com\/naikinta\/","article_modified_time":"2025-08-26T14:17:50+00:00","og_image":[{"width":1200,"height":795,"url":"https:\/\/naikinta.lt\/wp-content\/uploads\/2025\/06\/DSC0386-1.jpg?wsr","type":"image\/jpeg"}],"twitter_card":"summary_large_image","twitter_misc":{"Est. reading time":"4 minutes"},"schema":{"@context":"https:\/\/schema.org","@graph":[{"@type":"WebPage","@id":"https:\/\/naikinta.lt\/en\/privacy-policy\/","url":"https:\/\/naikinta.lt\/en\/privacy-policy\/","name":"Privacy Policy | Naikinta - Kenk\u0117j\u0173 kontrol\u0117 ir naikinimas","isPartOf":{"@id":"https:\/\/naikinta.lt\/en\/#website"},"datePublished":"2025-06-08T01:01:41+00:00","dateModified":"2025-08-26T14:17:50+00:00","breadcrumb":{"@id":"https:\/\/naikinta.lt\/en\/privacy-policy\/#breadcrumb"},"inLanguage":"en-US","potentialAction":[{"@type":"ReadAction","target":["https:\/\/naikinta.lt\/en\/privacy-policy\/"]}]},{"@type":"BreadcrumbList","@id":"https:\/\/naikinta.lt\/en\/privacy-policy\/#breadcrumb","itemListElement":[{"@type":"ListItem","position":1,"name":"Home","item":"https:\/\/naikinta.lt\/en\/"},{"@type":"ListItem","position":2,"name":"Privacy Policy"}]},{"@type":"WebSite","@id":"https:\/\/naikinta.lt\/en\/#website","url":"https:\/\/naikinta.lt\/en\/","name":"Naikinta - Profesionali kenk\u0117j\u0173 kontrol\u0117 ir naikinimas","description":"Kenk\u0117j\u0173 naikinimas: vabzd\u017ei\u0173, grau\u017eik\u0173 ir kit\u0173 parazit\u0173, efektyvus naikinimas ir prevencijoja. Esame licenzijuota kenk\u0117j\u0173 naikinimo komanda su ilgalaike patirtimi.","publisher":{"@id":"https:\/\/naikinta.lt\/en\/#organization"},"potentialAction":[{"@type":"SearchAction","target":{"@type":"EntryPoint","urlTemplate":"https:\/\/naikinta.lt\/en\/?s={search_term_string}"},"query-input":{"@type":"PropertyValueSpecification","valueRequired":true,"valueName":"search_term_string"}}],"inLanguage":"en-US"},{"@type":"Organization","@id":"https:\/\/naikinta.lt\/en\/#organization","name":"Naikinta","url":"https:\/\/naikinta.lt\/en\/","logo":{"@type":"ImageObject","inLanguage":"en-US","@id":"https:\/\/naikinta.lt\/en\/#\/schema\/logo\/image\/","url":"","contentUrl":"","caption":"Naikinta"},"image":{"@id":"https:\/\/naikinta.lt\/en\/#\/schema\/logo\/image\/"},"sameAs":["https:\/\/www.facebook.com\/naikinta\/","https:\/\/www.tiktok.com\/tag\/naikinta","https:\/\/www.youtube.com\/@Naikinta.Kenkeju.Kontrole","https:\/\/www.instagram.com\/naikinta.lt\/"]}]}},"_links":{"self":[{"href":"https:\/\/naikinta.lt\/en\/wp-json\/wp\/v2\/pages\/3067","targetHints":{"allow":["GET"]}}],"collection":[{"href":"https:\/\/naikinta.lt\/en\/wp-json\/wp\/v2\/pages"}],"about":[{"href":"https:\/\/naikinta.lt\/en\/wp-json\/wp\/v2\/types\/page"}],"author":[{"embeddable":true,"href":"https:\/\/naikinta.lt\/en\/wp-json\/wp\/v2\/users\/1"}],"replies":[{"embeddable":true,"href":"https:\/\/naikinta.lt\/en\/wp-json\/wp\/v2\/comments?post=3067"}],"version-history":[{"count":1,"href":"https:\/\/naikinta.lt\/en\/wp-json\/wp\/v2\/pages\/3067\/revisions"}],"predecessor-version":[{"id":3068,"href":"https:\/\/naikinta.lt\/en\/wp-json\/wp\/v2\/pages\/3067\/revisions\/3068"}],"wp:attachment":[{"href":"https:\/\/naikinta.lt\/en\/wp-json\/wp\/v2\/media?parent=3067"}],"curies":[{"name":"wp","href":"https:\/\/api.w.org\/{rel}","templated":true}]}}