{"id":3069,"date":"2025-06-10T01:53:37","date_gmt":"2025-06-10T01:53:37","guid":{"rendered":"https:\/\/naikinta.lt\/contacts\/"},"modified":"2025-10-17T03:10:08","modified_gmt":"2025-10-17T03:10:08","slug":"contacts","status":"publish","type":"page","link":"https:\/\/naikinta.lt\/en\/contacts\/","title":{"rendered":"Contacts"},"content":{"rendered":"\t\t<div data-elementor-type=\"wp-page\" data-elementor-id=\"3069\" class=\"elementor elementor-3069 elementor-2036\" data-elementor-post-type=\"page\">\n\t\t\t\t<div class=\"elementor-element elementor-element-99bce19 e-flex e-con-boxed e-con e-parent\" data-id=\"99bce19\" data-element_type=\"container\" data-settings=\"{&quot;background_background&quot;:&quot;classic&quot;}\">\n\t\t\t\t\t<div class=\"e-con-inner\">\n\t\t\t\t<div class=\"elementor-element elementor-element-249d8f7 elementor-widget__width-initial cus_heading elementor-invisible elementor-widget elementor-widget-heading\" data-id=\"249d8f7\" data-element_type=\"widget\" data-settings=\"{&quot;_animation&quot;:&quot;zoomIn&quot;}\" data-widget_type=\"heading.default\">\n\t\t\t\t<div class=\"elementor-widget-container\">\n\t\t\t\t\t<h2 class=\"elementor-heading-title elementor-size-default\">UAB \"<span style=\"color:#BF202A\"> NAIKINTA<\/span>\"<\/h2>\t\t\t\t<\/div>\n\t\t\t\t<\/div>\n\t\t<div class=\"elementor-element elementor-element-7fd63d46 e-con-full e-flex e-con e-child\" data-id=\"7fd63d46\" data-element_type=\"container\">\n\t\t<div class=\"elementor-element elementor-element-2540ae76 e-con-full e-flex e-con e-child\" data-id=\"2540ae76\" data-element_type=\"container\">\n\t\t\t\t<div class=\"elementor-element elementor-element-5c6e15fd elementor-widget elementor-widget-text-editor\" data-id=\"5c6e15fd\" data-element_type=\"widget\" data-widget_type=\"text-editor.default\">\n\t\t\t\t<div class=\"elementor-widget-container\">\n\t\t\t\t\t\t\t\t\t<p class=\"body\" dir=\"auto\">Naikinta &#8211; a professional pest control team born from the desire to provide peace of mind to both residents and businesses.<\/p><p class=\"body\" dir=\"auto\">We provide top-level pest control and prevention services throughout Lithuania. Licensed specialists perform rodent control, insect extermination, microorganism elimination, and prevention services for businesses as our contribution to a safe environment.<\/p>\t\t\t\t\t\t\t\t<\/div>\n\t\t\t\t<\/div>\n\t\t\t\t<\/div>\n\t\t<div class=\"elementor-element elementor-element-1dc35661 e-con-full e-flex e-con e-child\" data-id=\"1dc35661\" data-element_type=\"container\">\n\t\t\t\t<div class=\"elementor-element elementor-element-5b229ed6 elementor-hidden-mobile elementor-widget elementor-widget-text-editor\" data-id=\"5b229ed6\" data-element_type=\"widget\" data-widget_type=\"text-editor.default\">\n\t\t\t\t<div class=\"elementor-widget-container\">\n\t\t\t\t\t\t\t\t\t<p class=\"body\" dir=\"auto\">We use only certified and authorised materials in Lithuania, so we can guarantee the efficiency and durability of our work. We order most of our products directly from the manufacturers, so we can often offer exceptional quality pest control services at a really competitive price. <\/p><p class=\"body\" dir=\"auto\">From the first phone call to the work done. Every step of the way, you will be accompanied by friendly and understanding customer service and a professional and high quality service. <\/p>\t\t\t\t\t\t\t\t<\/div>\n\t\t\t\t<\/div>\n\t\t\t\t<\/div>\n\t\t\t\t<\/div>\n\t\t\t\t\t<\/div>\n\t\t\t\t<\/div>\n\t\t<div class=\"elementor-element elementor-element-61c6d00 e-flex e-con-boxed e-con e-parent\" data-id=\"61c6d00\" data-element_type=\"container\">\n\t\t\t\t\t<div class=\"e-con-inner\">\n\t\t<div class=\"elementor-element elementor-element-84382cd e-con-full e-flex e-con e-child\" data-id=\"84382cd\" data-element_type=\"container\">\n\t\t\t\t<div class=\"elementor-element elementor-element-bd84819 elementor-widget elementor-widget-text-editor\" data-id=\"bd84819\" data-element_type=\"widget\" data-widget_type=\"text-editor.default\">\n\t\t\t\t<div class=\"elementor-widget-container\">\n\t\t\t\t\t\t\t\t\t<p><strong>IN KAUNAS<\/strong><br>Address: Draugyst\u0117s St. 15B, Kaunas<\/p>\t\t\t\t\t\t\t\t<\/div>\n\t\t\t\t<\/div>\n\t\t\t\t<div class=\"elementor-element elementor-element-2831d4d elementor-widget elementor-widget-google_maps\" data-id=\"2831d4d\" data-element_type=\"widget\" data-widget_type=\"google_maps.default\">\n\t\t\t\t<div class=\"elementor-widget-container\">\n\t\t\t\t\t\t\t<div class=\"elementor-custom-embed\">\n\t\t\t<iframe loading=\"lazy\"\n\t\t\t\t\tsrc=\"https:\/\/maps.google.com\/maps?q=Lietuva&#038;t=m&#038;z=6&#038;output=embed&#038;iwloc=near\"\n\t\t\t\t\ttitle=\"Lietuva\"\n\t\t\t\t\taria-label=\"Lietuva\"\n\t\t\t><\/iframe>\n\t\t<\/div>\n\t\t\t\t\t\t<\/div>\n\t\t\t\t<\/div>\n\t\t\t\t<\/div>\n\t\t<div class=\"elementor-element elementor-element-99e8e40 e-con-full e-flex e-con e-child\" data-id=\"99e8e40\" data-element_type=\"container\">\n\t\t<div class=\"elementor-element elementor-element-e581920 e-con-full e-flex e-con e-child\" data-id=\"e581920\" data-element_type=\"container\">\n\t\t\t\t<div class=\"elementor-element elementor-element-125a592 elementor-widget__width-initial elementor-widget elementor-widget-text-editor\" data-id=\"125a592\" data-element_type=\"widget\" data-widget_type=\"text-editor.default\">\n\t\t\t\t<div class=\"elementor-widget-container\">\n\t\t\t\t\t\t\t\t\t<p class=\"body\" dir=\"auto\">UAB &#8220;NAIKINTA&#8221;<br>Company code: 305655411<br>Tel. <a href=\"tel:+37069961001\">+37069961001<\/a><br>Email address: <a href=\"mailto:info@naikinta.lt\">\n  <span style=\"text-decoration: underline;\">info@naikinta.lt<\/span>\n<\/a><\/p>\t\t\t\t\t\t\t\t<\/div>\n\t\t\t\t<\/div>\n\t\t\t\t<\/div>\n\t\t\t\t<\/div>\n\t\t\t\t\t<\/div>\n\t\t\t\t<\/div>\n\t\t<div class=\"elementor-element elementor-element-c9d63fc e-flex e-con-boxed e-con e-parent\" data-id=\"c9d63fc\" data-element_type=\"container\" data-settings=\"{&quot;background_background&quot;:&quot;classic&quot;}\">\n\t\t\t\t\t<div class=\"e-con-inner\">\n\t\t<div class=\"elementor-element elementor-element-45825aa8 e-con-full e-flex e-con e-child\" data-id=\"45825aa8\" data-element_type=\"container\" data-settings=\"{&quot;background_background&quot;:&quot;classic&quot;}\">\n\t\t\t\t<div class=\"elementor-element elementor-element-327c016 elementor-widget elementor-widget-menu-anchor\" data-id=\"327c016\" data-element_type=\"widget\" data-widget_type=\"menu-anchor.default\">\n\t\t\t\t<div class=\"elementor-widget-container\">\n\t\t\t\t\t\t\t<div class=\"elementor-menu-anchor\" id=\"contact\"><\/div>\n\t\t\t\t\t\t<\/div>\n\t\t\t\t<\/div>\n\t\t\t\t<div class=\"elementor-element elementor-element-2c552b00 elementor-widget elementor-widget-text-editor\" data-id=\"2c552b00\" data-element_type=\"widget\" data-widget_type=\"text-editor.default\">\n\t\t\t\t<div class=\"elementor-widget-container\">\n\t\t\t\t\t\t\t\t\t<p>We are happy to resolve any unpleasant pest issues that arise.<\/p>\t\t\t\t\t\t\t\t<\/div>\n\t\t\t\t<\/div>\n\t\t\t\t<div class=\"elementor-element elementor-element-e7167b2 elementor-invisible elementor-widget elementor-widget-wpforms\" data-id=\"e7167b2\" data-element_type=\"widget\" data-settings=\"{&quot;_animation&quot;:&quot;shake&quot;}\" data-widget_type=\"wpforms.default\">\n\t\t\t\t<div class=\"elementor-widget-container\">\n\t\t\t\t\t<div class=\"wpforms-container \" id=\"wpforms-71\"><form id=\"wpforms-form-71\" class=\"wpforms-validate wpforms-form wpforms-ajax-form\" data-formid=\"71\" method=\"post\" enctype=\"multipart\/form-data\" action=\"\/en\/wp-json\/wp\/v2\/pages\/3069\" data-token=\"91567c069d9a93611592c6bd69fe0b3a\" data-token-time=\"1777066494\"><noscript class=\"wpforms-error-noscript\">Please enable JavaScript in your browser to complete this form.<\/noscript><div class=\"wpforms-field-container\"><div id=\"wpforms-71-field_0-container\" class=\"wpforms-field wpforms-field-name\" data-field-id=\"0\"><label class=\"wpforms-field-label\" for=\"wpforms-71-field_0\">Name <span class=\"wpforms-required-label\">*<\/span><\/label><input type=\"text\" id=\"wpforms-71-field_0\" class=\"wpforms-field-large wpforms-field-required\" name=\"wpforms[fields][0]\" placeholder=\"Your name\" required><\/div><div id=\"wpforms-71-field_4-container\" class=\"wpforms-field wpforms-field-name\" data-field-id=\"4\"><label class=\"wpforms-field-label\" for=\"wpforms-71-field_4\">Telephone number <span class=\"wpforms-required-label\">*<\/span><\/label><input type=\"text\" id=\"wpforms-71-field_4\" class=\"wpforms-field-large wpforms-field-required\" name=\"wpforms[fields][4]\" placeholder=\"Your telephone number\" required><\/div><div id=\"wpforms-71-field_1-container\" class=\"wpforms-field wpforms-field-email\" data-field-id=\"1\"><label class=\"wpforms-field-label\" for=\"wpforms-71-field_1\">Email address  <span class=\"wpforms-required-label\">*<\/span><\/label><input type=\"email\" id=\"wpforms-71-field_1\" class=\"wpforms-field-large wpforms-field-required\" name=\"wpforms[fields][1]\" placeholder=\"Your email address \" spellcheck=\"false\" required><\/div><div id=\"wpforms-71-field_7-container\" class=\"wpforms-field wpforms-field-text\" data-field-id=\"7\"><label class=\"wpforms-field-label\" for=\"wpforms-71-field_7\">City <span class=\"wpforms-required-label\">*<\/span><\/label><input type=\"text\" id=\"wpforms-71-field_7\" class=\"wpforms-field-large wpforms-field-required\" name=\"wpforms[fields][7]\" placeholder=\"Your city\" required><\/div><div id=\"wpforms-71-field_6-container\" class=\"wpforms-field wpforms-field-checkbox\" data-field-id=\"6\"><label class=\"wpforms-field-label\">Relevant services <span class=\"wpforms-required-label\">*<\/span><\/label><ul id=\"wpforms-71-field_6\" class=\"wpforms-field-required\"><li class=\"choice-1 depth-1\"><input type=\"checkbox\" id=\"wpforms-71-field_6_1\" name=\"wpforms[fields][6][]\" value=\"Insect control\" required ><label class=\"wpforms-field-label-inline\" for=\"wpforms-71-field_6_1\">Insect control<\/label><\/li><li class=\"choice-2 depth-1\"><input type=\"checkbox\" id=\"wpforms-71-field_6_2\" name=\"wpforms[fields][6][]\" value=\"Rodent extermination\" required ><label class=\"wpforms-field-label-inline\" for=\"wpforms-71-field_6_2\">Rodent extermination<\/label><\/li><li class=\"choice-4 depth-1\"><input type=\"checkbox\" id=\"wpforms-71-field_6_4\" name=\"wpforms[fields][6][]\" value=\"Disinfection\" required ><label class=\"wpforms-field-label-inline\" for=\"wpforms-71-field_6_4\">Disinfection<\/label><\/li><li class=\"choice-5 depth-1\"><input type=\"checkbox\" id=\"wpforms-71-field_6_5\" name=\"wpforms[fields][6][]\" value=\"Pest control for business\" required ><label class=\"wpforms-field-label-inline\" for=\"wpforms-71-field_6_5\">Pest control for business<\/label><\/li><li class=\"choice-6 depth-1\"><input type=\"checkbox\" id=\"wpforms-71-field_6_6\" name=\"wpforms[fields][6][]\" value=\"Services for farms\" required ><label class=\"wpforms-field-label-inline\" for=\"wpforms-71-field_6_6\">Services for farms<\/label><\/li><li class=\"choice-7 depth-1\"><input type=\"checkbox\" id=\"wpforms-71-field_6_7\" name=\"wpforms[fields][6][]\" value=\"Bird control\" required ><label class=\"wpforms-field-label-inline\" for=\"wpforms-71-field_6_7\">Bird control<\/label><\/li><\/ul><\/div><div id=\"wpforms-71-field_2-container\" class=\"wpforms-field wpforms-field-textarea\" data-field-id=\"2\"><label class=\"wpforms-field-label\" for=\"wpforms-71-field_2\">Comment<\/label><textarea id=\"wpforms-71-field_2\" class=\"wpforms-field-medium\" name=\"wpforms[fields][2]\" placeholder=\"Describe the pest problem\" ><\/textarea><\/div><\/div><!-- .wpforms-field-container --><div class=\"wpforms-submit-container\" ><input type=\"hidden\" name=\"wpforms[id]\" value=\"71\"><input type=\"hidden\" name=\"page_title\" value=\"\"><input type=\"hidden\" name=\"page_url\" value=\"https:\/\/naikinta.lt\/en\/wp-json\/wp\/v2\/pages\/3069\"><input type=\"hidden\" name=\"url_referer\" value=\"\"><button type=\"submit\" name=\"wpforms[submit]\" id=\"wpforms-submit-71\" class=\"wpforms-submit\" data-alt-text=\"Sending...\" data-submit-text=\"Contact\" aria-live=\"assertive\" value=\"wpforms-submit\">Contact<\/button><img decoding=\"async\" src=\"https:\/\/naikinta.lt\/wp-content\/plugins\/wpforms-lite\/assets\/images\/submit-spin.svg\" class=\"wpforms-submit-spinner\" style=\"display: none;\" width=\"26\" height=\"26\" alt=\"Loading\"><\/div><\/form><\/div>  <!-- .wpforms-container -->\t\t\t\t<\/div>\n\t\t\t\t<\/div>\n\t\t\t\t<\/div>\n\t\t<div class=\"elementor-element elementor-element-55ef8def e-con-full e-flex e-con e-child\" data-id=\"55ef8def\" data-element_type=\"container\">\n\t\t\t\t<div class=\"elementor-element elementor-element-10dcf057 elementor-widget__width-initial cus_heading elementor-invisible elementor-widget elementor-widget-heading\" data-id=\"10dcf057\" data-element_type=\"widget\" data-settings=\"{&quot;_animation&quot;:&quot;zoomIn&quot;}\" data-widget_type=\"heading.default\">\n\t\t\t\t<div class=\"elementor-widget-container\">\n\t\t\t\t\t<h2 class=\"elementor-heading-title elementor-size-default\">SERVICE <span style=\"color:#BF202A\"> REQUEST<\/span><\/h2>\t\t\t\t<\/div>\n\t\t\t\t<\/div>\n\t\t\t\t<div class=\"elementor-element elementor-element-22b47818 elementor-widget elementor-widget-text-editor\" data-id=\"22b47818\" data-element_type=\"widget\" data-widget_type=\"text-editor.default\">\n\t\t\t\t<div class=\"elementor-widget-container\">\n\t\t\t\t\t\t\t\t\t<p class=\"body\" dir=\"auto\">Do you have unpleasant pest problems? We are here to help you solve them in a pleasant way. <\/p><p class=\"body\" dir=\"auto\">Please fill in the full enquiry form and specify which services are relevant.<\/p><p class=\"body\" dir=\"auto\">Without delay, we will contact you immediately.<\/p>\t\t\t\t\t\t\t\t<\/div>\n\t\t\t\t<\/div>\n\t\t\t\t<\/div>\n\t\t\t\t\t<\/div>\n\t\t\t\t<\/div>\n\t\t\t\t<\/div>\n\t\t","protected":false},"excerpt":{"rendered":"<p>UAB &#8221; NAIKINTA&#8221; Naikinta &#8211; a professional pest control team born from the desire to provide peace of mind to both residents and businesses. We provide top-level pest control and prevention services throughout Lithuania. Licensed specialists perform rodent control, insect extermination, microorganism elimination, and prevention services for businesses as our contribution to a safe environment. [&hellip;]<\/p>\n","protected":false},"author":1,"featured_media":0,"parent":0,"menu_order":0,"comment_status":"closed","ping_status":"closed","template":"","meta":{"site-sidebar-layout":"no-sidebar","site-content-layout":"page-builder","ast-site-content-layout":"full-width-container","site-content-style":"default","site-sidebar-style":"default","ast-global-header-display":"","ast-banner-title-visibility":"","ast-main-header-display":"","ast-hfb-above-header-display":"","ast-hfb-below-header-display":"","ast-hfb-mobile-header-display":"","site-post-title":"disabled","ast-breadcrumbs-content":"","ast-featured-img":"disabled","footer-sml-layout":"","theme-transparent-header-meta":"default","adv-header-id-meta":"","stick-header-meta":"","header-above-stick-meta":"","header-main-stick-meta":"","header-below-stick-meta":"","astra-migrate-meta-layouts":"default","ast-page-background-enabled":"default","ast-page-background-meta":{"desktop":{"background-color":"var(--ast-global-color-4)","background-image":"","background-repeat":"repeat","background-position":"center center","background-size":"auto","background-attachment":"scroll","background-type":"","background-media":"","overlay-type":"","overlay-color":"","overlay-opacity":"","overlay-gradient":""},"tablet":{"background-color":"","background-image":"","background-repeat":"repeat","background-position":"center center","background-size":"auto","background-attachment":"scroll","background-type":"","background-media":"","overlay-type":"","overlay-color":"","overlay-opacity":"","overlay-gradient":""},"mobile":{"background-color":"","background-image":"","background-repeat":"repeat","background-position":"center center","background-size":"auto","background-attachment":"scroll","background-type":"","background-media":"","overlay-type":"","overlay-color":"","overlay-opacity":"","overlay-gradient":""}},"ast-content-background-meta":{"desktop":{"background-color":"var(--ast-global-color-5)","background-image":"","background-repeat":"repeat","background-position":"center center","background-size":"auto","background-attachment":"scroll","background-type":"","background-media":"","overlay-type":"","overlay-color":"","overlay-opacity":"","overlay-gradient":""},"tablet":{"background-color":"var(--ast-global-color-5)","background-image":"","background-repeat":"repeat","background-position":"center center","background-size":"auto","background-attachment":"scroll","background-type":"","background-media":"","overlay-type":"","overlay-color":"","overlay-opacity":"","overlay-gradient":""},"mobile":{"background-color":"var(--ast-global-color-5)","background-image":"","background-repeat":"repeat","background-position":"center center","background-size":"auto","background-attachment":"scroll","background-type":"","background-media":"","overlay-type":"","overlay-color":"","overlay-opacity":"","overlay-gradient":""}},"footnotes":""},"class_list":["post-3069","page","type-page","status-publish","hentry"],"yoast_head":"<!-- This site is optimized with the Yoast SEO plugin v25.3 - https:\/\/yoast.com\/wordpress\/plugins\/seo\/ -->\n<title>Urgent Pest Control | Pest Extermination Services | Naikinta.Lt<\/title>\n<meta name=\"description\" content=\"Pest control for your home and business. We offer professional services for getting rid of insects, rodents, and other pests. Fast and safe assistance in Vilnius and Kaunas.\" \/>\n<meta name=\"robots\" content=\"index, follow, max-snippet:-1, max-image-preview:large, max-video-preview:-1\" \/>\n<link rel=\"canonical\" href=\"https:\/\/naikinta.lt\/en\/contacts\/\" \/>\n<meta property=\"og:locale\" content=\"en_US\" \/>\n<meta property=\"og:type\" content=\"article\" \/>\n<meta property=\"og:title\" content=\"Urgent Pest Control | Pest Extermination Services | Naikinta.Lt\" \/>\n<meta property=\"og:description\" content=\"Pest control for your home and business. We offer professional services for getting rid of insects, rodents, and other pests. Fast and safe assistance in Vilnius and Kaunas.\" \/>\n<meta property=\"og:url\" content=\"https:\/\/naikinta.lt\/en\/contacts\/\" \/>\n<meta property=\"og:site_name\" content=\"Naikinta - Kenk\u0117j\u0173 kontrol\u0117 ir naikinimas\" \/>\n<meta property=\"article:publisher\" content=\"https:\/\/www.facebook.com\/naikinta\/\" \/>\n<meta property=\"article:modified_time\" content=\"2025-10-17T03:10:08+00:00\" \/>\n<meta property=\"og:image\" content=\"https:\/\/naikinta.lt\/wp-content\/plugins\/wpforms-lite\/assets\/images\/submit-spin.svg\" \/>\n<meta name=\"twitter:card\" content=\"summary_large_image\" \/>\n<meta name=\"twitter:label1\" content=\"Est. reading time\" \/>\n\t<meta name=\"twitter:data1\" content=\"1 minute\" \/>\n<script type=\"application\/ld+json\" class=\"yoast-schema-graph\">{\"@context\":\"https:\/\/schema.org\",\"@graph\":[{\"@type\":\"WebPage\",\"@id\":\"https:\/\/naikinta.lt\/en\/contacts\/\",\"url\":\"https:\/\/naikinta.lt\/en\/contacts\/\",\"name\":\"Urgent Pest Control | Pest Extermination Services | Naikinta.Lt\",\"isPartOf\":{\"@id\":\"https:\/\/naikinta.lt\/en\/#website\"},\"primaryImageOfPage\":{\"@id\":\"https:\/\/naikinta.lt\/en\/contacts\/#primaryimage\"},\"image\":{\"@id\":\"https:\/\/naikinta.lt\/en\/contacts\/#primaryimage\"},\"thumbnailUrl\":\"https:\/\/naikinta.lt\/wp-content\/plugins\/wpforms-lite\/assets\/images\/submit-spin.svg\",\"datePublished\":\"2025-06-10T01:53:37+00:00\",\"dateModified\":\"2025-10-17T03:10:08+00:00\",\"description\":\"Pest control for your home and business. We offer professional services for getting rid of insects, rodents, and other pests. Fast and safe assistance in Vilnius and Kaunas.\",\"breadcrumb\":{\"@id\":\"https:\/\/naikinta.lt\/en\/contacts\/#breadcrumb\"},\"inLanguage\":\"en-US\",\"potentialAction\":[{\"@type\":\"ReadAction\",\"target\":[\"https:\/\/naikinta.lt\/en\/contacts\/\"]}]},{\"@type\":\"ImageObject\",\"inLanguage\":\"en-US\",\"@id\":\"https:\/\/naikinta.lt\/en\/contacts\/#primaryimage\",\"url\":\"https:\/\/naikinta.lt\/wp-content\/plugins\/wpforms-lite\/assets\/images\/submit-spin.svg\",\"contentUrl\":\"https:\/\/naikinta.lt\/wp-content\/plugins\/wpforms-lite\/assets\/images\/submit-spin.svg\"},{\"@type\":\"BreadcrumbList\",\"@id\":\"https:\/\/naikinta.lt\/en\/contacts\/#breadcrumb\",\"itemListElement\":[{\"@type\":\"ListItem\",\"position\":1,\"name\":\"Home\",\"item\":\"https:\/\/naikinta.lt\/en\/\"},{\"@type\":\"ListItem\",\"position\":2,\"name\":\"Contacts\"}]},{\"@type\":\"WebSite\",\"@id\":\"https:\/\/naikinta.lt\/en\/#website\",\"url\":\"https:\/\/naikinta.lt\/en\/\",\"name\":\"Naikinta - Profesionali kenk\u0117j\u0173 kontrol\u0117 ir naikinimas\",\"description\":\"Kenk\u0117j\u0173 naikinimas: vabzd\u017ei\u0173, grau\u017eik\u0173 ir kit\u0173 parazit\u0173, efektyvus naikinimas ir prevencijoja. Esame licenzijuota kenk\u0117j\u0173 naikinimo komanda su ilgalaike patirtimi.\",\"publisher\":{\"@id\":\"https:\/\/naikinta.lt\/en\/#organization\"},\"potentialAction\":[{\"@type\":\"SearchAction\",\"target\":{\"@type\":\"EntryPoint\",\"urlTemplate\":\"https:\/\/naikinta.lt\/en\/?s={search_term_string}\"},\"query-input\":{\"@type\":\"PropertyValueSpecification\",\"valueRequired\":true,\"valueName\":\"search_term_string\"}}],\"inLanguage\":\"en-US\"},{\"@type\":\"Organization\",\"@id\":\"https:\/\/naikinta.lt\/en\/#organization\",\"name\":\"Naikinta\",\"url\":\"https:\/\/naikinta.lt\/en\/\",\"logo\":{\"@type\":\"ImageObject\",\"inLanguage\":\"en-US\",\"@id\":\"https:\/\/naikinta.lt\/en\/#\/schema\/logo\/image\/\",\"url\":\"\",\"contentUrl\":\"\",\"caption\":\"Naikinta\"},\"image\":{\"@id\":\"https:\/\/naikinta.lt\/en\/#\/schema\/logo\/image\/\"},\"sameAs\":[\"https:\/\/www.facebook.com\/naikinta\/\",\"https:\/\/www.tiktok.com\/tag\/naikinta\",\"https:\/\/www.youtube.com\/@Naikinta.Kenkeju.Kontrole\",\"https:\/\/www.instagram.com\/naikinta.lt\/\"]}]}<\/script>\n<!-- \/ Yoast SEO plugin. -->","yoast_head_json":{"title":"Urgent Pest Control | Pest Extermination Services | Naikinta.Lt","description":"Pest control for your home and business. We offer professional services for getting rid of insects, rodents, and other pests. Fast and safe assistance in Vilnius and Kaunas.","robots":{"index":"index","follow":"follow","max-snippet":"max-snippet:-1","max-image-preview":"max-image-preview:large","max-video-preview":"max-video-preview:-1"},"canonical":"https:\/\/naikinta.lt\/en\/contacts\/","og_locale":"en_US","og_type":"article","og_title":"Urgent Pest Control | Pest Extermination Services | Naikinta.Lt","og_description":"Pest control for your home and business. We offer professional services for getting rid of insects, rodents, and other pests. Fast and safe assistance in Vilnius and Kaunas.","og_url":"https:\/\/naikinta.lt\/en\/contacts\/","og_site_name":"Naikinta - Kenk\u0117j\u0173 kontrol\u0117 ir naikinimas","article_publisher":"https:\/\/www.facebook.com\/naikinta\/","article_modified_time":"2025-10-17T03:10:08+00:00","og_image":[{"url":"https:\/\/naikinta.lt\/wp-content\/plugins\/wpforms-lite\/assets\/images\/submit-spin.svg","type":"","width":"","height":""}],"twitter_card":"summary_large_image","twitter_misc":{"Est. reading time":"1 minute"},"schema":{"@context":"https:\/\/schema.org","@graph":[{"@type":"WebPage","@id":"https:\/\/naikinta.lt\/en\/contacts\/","url":"https:\/\/naikinta.lt\/en\/contacts\/","name":"Urgent Pest Control | Pest Extermination Services | Naikinta.Lt","isPartOf":{"@id":"https:\/\/naikinta.lt\/en\/#website"},"primaryImageOfPage":{"@id":"https:\/\/naikinta.lt\/en\/contacts\/#primaryimage"},"image":{"@id":"https:\/\/naikinta.lt\/en\/contacts\/#primaryimage"},"thumbnailUrl":"https:\/\/naikinta.lt\/wp-content\/plugins\/wpforms-lite\/assets\/images\/submit-spin.svg","datePublished":"2025-06-10T01:53:37+00:00","dateModified":"2025-10-17T03:10:08+00:00","description":"Pest control for your home and business. We offer professional services for getting rid of insects, rodents, and other pests. Fast and safe assistance in Vilnius and Kaunas.","breadcrumb":{"@id":"https:\/\/naikinta.lt\/en\/contacts\/#breadcrumb"},"inLanguage":"en-US","potentialAction":[{"@type":"ReadAction","target":["https:\/\/naikinta.lt\/en\/contacts\/"]}]},{"@type":"ImageObject","inLanguage":"en-US","@id":"https:\/\/naikinta.lt\/en\/contacts\/#primaryimage","url":"https:\/\/naikinta.lt\/wp-content\/plugins\/wpforms-lite\/assets\/images\/submit-spin.svg","contentUrl":"https:\/\/naikinta.lt\/wp-content\/plugins\/wpforms-lite\/assets\/images\/submit-spin.svg"},{"@type":"BreadcrumbList","@id":"https:\/\/naikinta.lt\/en\/contacts\/#breadcrumb","itemListElement":[{"@type":"ListItem","position":1,"name":"Home","item":"https:\/\/naikinta.lt\/en\/"},{"@type":"ListItem","position":2,"name":"Contacts"}]},{"@type":"WebSite","@id":"https:\/\/naikinta.lt\/en\/#website","url":"https:\/\/naikinta.lt\/en\/","name":"Naikinta - Profesionali kenk\u0117j\u0173 kontrol\u0117 ir naikinimas","description":"Kenk\u0117j\u0173 naikinimas: vabzd\u017ei\u0173, grau\u017eik\u0173 ir kit\u0173 parazit\u0173, efektyvus naikinimas ir prevencijoja. Esame licenzijuota kenk\u0117j\u0173 naikinimo komanda su ilgalaike patirtimi.","publisher":{"@id":"https:\/\/naikinta.lt\/en\/#organization"},"potentialAction":[{"@type":"SearchAction","target":{"@type":"EntryPoint","urlTemplate":"https:\/\/naikinta.lt\/en\/?s={search_term_string}"},"query-input":{"@type":"PropertyValueSpecification","valueRequired":true,"valueName":"search_term_string"}}],"inLanguage":"en-US"},{"@type":"Organization","@id":"https:\/\/naikinta.lt\/en\/#organization","name":"Naikinta","url":"https:\/\/naikinta.lt\/en\/","logo":{"@type":"ImageObject","inLanguage":"en-US","@id":"https:\/\/naikinta.lt\/en\/#\/schema\/logo\/image\/","url":"","contentUrl":"","caption":"Naikinta"},"image":{"@id":"https:\/\/naikinta.lt\/en\/#\/schema\/logo\/image\/"},"sameAs":["https:\/\/www.facebook.com\/naikinta\/","https:\/\/www.tiktok.com\/tag\/naikinta","https:\/\/www.youtube.com\/@Naikinta.Kenkeju.Kontrole","https:\/\/www.instagram.com\/naikinta.lt\/"]}]}},"_links":{"self":[{"href":"https:\/\/naikinta.lt\/en\/wp-json\/wp\/v2\/pages\/3069","targetHints":{"allow":["GET"]}}],"collection":[{"href":"https:\/\/naikinta.lt\/en\/wp-json\/wp\/v2\/pages"}],"about":[{"href":"https:\/\/naikinta.lt\/en\/wp-json\/wp\/v2\/types\/page"}],"author":[{"embeddable":true,"href":"https:\/\/naikinta.lt\/en\/wp-json\/wp\/v2\/users\/1"}],"replies":[{"embeddable":true,"href":"https:\/\/naikinta.lt\/en\/wp-json\/wp\/v2\/comments?post=3069"}],"version-history":[{"count":4,"href":"https:\/\/naikinta.lt\/en\/wp-json\/wp\/v2\/pages\/3069\/revisions"}],"predecessor-version":[{"id":3432,"href":"https:\/\/naikinta.lt\/en\/wp-json\/wp\/v2\/pages\/3069\/revisions\/3432"}],"wp:attachment":[{"href":"https:\/\/naikinta.lt\/en\/wp-json\/wp\/v2\/media?parent=3069"}],"curies":[{"name":"wp","href":"https:\/\/api.w.org\/{rel}","templated":true}]}}